{"id":37984,"date":"2025-05-22T08:38:20","date_gmt":"2025-05-22T08:38:20","guid":{"rendered":"http:\/\/befve.com\/services\/"},"modified":"2025-07-16T12:15:46","modified_gmt":"2025-07-16T12:15:46","slug":"services","status":"publish","type":"page","link":"https:\/\/befve.com\/es\/services\/","title":{"rendered":"Servicios"},"content":{"rendered":"\n<div id=\"block_2dd4d22904a0ea71c933bd5c6eaa55ee\" class=\"spacer-block   \" style=\"height: 10vh;\"><\/div>\n\n<section class=\"gallery-v2-container\">\n    <div class=\"gallery-v2-wrapper\">\n        <div class=\"gallery-v2-content\">\n                            <div class=\"gallery-msg\">\n                    Nuestros servicios                <\/div>\n                <div class=\"gallery-v2-text\">\n                    <h1 style=\"text-align: center\"><span class=\"fw-600\" style=\"font-family: raleway;font-size: 34px\">Una experiencia reconocida, un <span style=\"color: #87be3a\">rendimiento comprobado<\/span><\/span><\/h1>\n<p style=\"text-align: center\"><span style=\"font-family: raleway;font-size: 18px\">Gracias a una presencia activa en 44 pa\u00edses, redes s\u00f3lidas y un riguroso seguimiento t\u00e9cnico, Christian Befve &amp;\u202fCo obtiene resultados en mejora constante desde hace varios a\u00f1os.<\/span><\/p>\n                <\/div>\n                    <\/div>\n                    <div class=\"gallery-v2-images\">\n                                        <img decoding=\"async\" class=\"gallery-v2-image\" src=\"https:\/\/befve.com\/wp-content\/uploads\/2025\/05\/befve22.png\" alt=\"\">\n                                            <img decoding=\"async\" class=\"gallery-v2-image\" src=\"https:\/\/befve.com\/wp-content\/uploads\/2025\/05\/befve19.png\" alt=\"\">\n                                            <img decoding=\"async\" class=\"gallery-v2-image\" src=\"https:\/\/befve.com\/wp-content\/uploads\/2025\/05\/befve24.png\" alt=\"\">\n                                            <img decoding=\"async\" class=\"gallery-v2-image\" src=\"https:\/\/befve.com\/wp-content\/uploads\/2025\/05\/befve30.png\" alt=\"asperges vertes\">\n                                <\/div>\n            <\/div>\n<\/section>\n\n<section class=\"green-flow-container\">\n    <div class=\"green-flow-wrapper\">\n        <div class=\"green-flow-content\">\n            <div class=\"green-flow-msg\">\n                                    Resultados                            <\/div>\n            <div class=\"green-flow-text\">\n                                    <h2><span class=\"fw-500\" style=\"font-size: 30px;\"><span style=\"font-family: raleway;\">Ganancias visibles en todas las etapas de la cadena.<\/span><\/span><\/h2>\n<p><span style=\"text-decoration: underline;\"><strong><span style=\"font-family: raleway; color: #87be3a; text-decoration: underline;\">Nuestras intervenciones generan mejoras concretas, duraderas y medibles:<\/span><\/strong><\/span><\/p>\n<p><span style=\"font-family: raleway;\"><strong><span style=\"color: #87be3a;\">\u30fbReducci\u00f3n<\/span><\/strong> de insumos y consumo de agua: mediante mejor gesti\u00f3n de los estadios fenol\u00f3gicos, irrigaci\u00f3n racional y t\u00e9cnicas innovadoras, reducimos el impacto ambiental sin sacrificar la calidad.<\/span><\/p>\n<p><span style=\"font-family: raleway;\"><strong><span style=\"color: #87be3a;\">\u30fbMayor rentabilidad<\/span><\/strong> para las explotaciones:<\/span><\/p>\n<p style=\"padding-left: 40px;\"><span style=\"font-family: raleway;\">\u30fbRendimientos optimizados por hect\u00e1rea<br \/>\n<\/span><span style=\"font-family: raleway;\">\u30fbEstrategia de distribuci\u00f3n de producci\u00f3n<br \/>\n<\/span><span style=\"font-family: raleway;\">\u30fbProlongaci\u00f3n de la vida \u00fatil de los esp\u00e1rragos<\/span><br \/>\n<span style=\"font-family: raleway;\">\u30fbReducci\u00f3n de costes<\/span><br \/>\n<span style=\"font-family: raleway;\">\u30fbValor a\u00f1adido total de la producci\u00f3n, incluidos calibres secundarios<\/span><\/p>\n<p><span style=\"font-family: raleway;\"><strong><span style=\"color: #87be3a;\">\u30fbSeguridad y fiabilidad:<\/span> <\/strong>nuestro enfoque tambi\u00e9n refuerza la resiliencia de los cultivos frente a riesgos clim\u00e1ticos mediante t\u00e9cnicas controladas: plantaci\u00f3n en caballones, cultivo en invernadero (vidrio, pl\u00e1stico, fotovoltaico), lucha integrada, uso de hongos antagonistas e insectos auxiliares.<\/span><\/p>\n                            <\/div>\n            <div class=\"green-flow-links\">\n                                                            <a href=\"https:\/\/befve.com\/es\/contact\/\" class=\"green-flow-link\" target=\"\">\n                            Deseo recibir apoyo                            <span><\/span>\n                        <\/a>\n                                                <\/div>\n        <\/div>\n        <div class=\"green-flow-image\">\n                            <img decoding=\"async\" src=\"https:\/\/befve.com\/wp-content\/uploads\/2025\/05\/befve31-scaled.png\" alt=\"\" \/>\n                    <\/div>\n    <\/div>\n<\/section>\n\n<section class=\"flow-container \">\n    <div class=\"flow-wrapper\">\n        <div class=\"flow-message\">\n                            Experiencia                    <\/div>\n        <div class=\"flow-content\">\n                            <div class=\"flow-text\">\n                    <h2><span class=\"fw-500\" style=\"font-size: 30px; font-family: raleway;\">Resultados <span style=\"color: #87be3a;\">concretos<\/span> y <span style=\"color: #87be3a;\">medibles<\/span>.<\/span><\/h2>\n<p><span style=\"font-family: raleway;\">Durante m\u00e1s de 50\u202fa\u00f1os, Christian Befve &#038;\u202fCo acompa\u00f1a a productores, cooperativas y actores del sector para impulsar de forma sostenible el cultivo del esp\u00e1rrago.<\/span><\/p>\n<p><span style=\"font-family: raleway;\">Gracias a una red internacional y un enfoque t\u00e9cnico de campo, nuestros resultados son reconocidos en toda la profesi\u00f3n.<\/span><\/p>\n<p><strong><span style=\"text-decoration: underline;\"><span style=\"font-family: raleway; color: #87be3a; text-decoration: underline;\">Apoyamos:<\/span><\/span><\/strong><\/p>\n<p><span style=\"font-family: raleway;\"><strong><span style=\"color: #87be3a;\">\u30fbEl 18 %<\/span><\/strong> de la superficie mundial de esp\u00e1rragos<\/span><br \/>\n<span style=\"font-family: raleway;\"><span style=\"color: #87be3a;\"><strong>\u30fbEl 30 % <\/strong><\/span>de la producci\u00f3n mundial<\/span><\/p>\n<p><span style=\"font-family: raleway;\">Una cifra que refleja tanto la confianza de nuestros socios como el impacto directo de nuestro trabajo sobre el terreno.<\/span><\/p>\n                <\/div>\n                                        <div class=\"flow-links\">\n                                            <a href=\"https:\/\/befve.com\/es\/contact\/\" class=\"flow-btn\" >\n                            Cont\u00e1ctenos                            <span><\/span>\n                        <\/a>\n                                    <\/div>\n                    <\/div>\n    <\/div>\n    <\/section>\n\n\n<section class=\"gallery-v2-container\">\n    <div class=\"gallery-v2-wrapper\">\n        <div class=\"gallery-v2-content\">\n                    <\/div>\n                    <div class=\"gallery-v2-images\">\n                                        <img decoding=\"async\" class=\"gallery-v2-image\" src=\"https:\/\/befve.com\/wp-content\/uploads\/2025\/05\/befve22.png\" alt=\"\">\n                                            <img decoding=\"async\" class=\"gallery-v2-image\" src=\"https:\/\/befve.com\/wp-content\/uploads\/2025\/05\/befve19.png\" alt=\"\">\n                                            <img decoding=\"async\" class=\"gallery-v2-image\" src=\"https:\/\/befve.com\/wp-content\/uploads\/2025\/05\/befve24.png\" alt=\"\">\n                                            <img decoding=\"async\" class=\"gallery-v2-image\" src=\"https:\/\/befve.com\/wp-content\/uploads\/2025\/05\/befve30.png\" alt=\"asperges vertes\">\n                                <\/div>\n            <\/div>\n<\/section>\n\n\n<div id=\"block_040fbed9ef9ff7edc72ebb6cbf08ae63\" class=\"spacer-block   \" style=\"height: 5vh;\"><\/div>\n\n<section class=\"gallery-v2-container\">\n    <div class=\"gallery-v2-wrapper\">\n        <div class=\"gallery-v2-content\">\n                            <div class=\"gallery-msg\">\n                    Zonas de intervenci\u00f3n                <\/div>\n                <div class=\"gallery-v2-text\">\n                    <h2 style=\"text-align: center\"><span class=\"fw-500\" style=\"font-family: raleway;font-size: 30px\">Presencia <span style=\"color: #87be3a\">mundial<\/span>,<br \/>\nra\u00edces locales.<\/span><\/h2>\n<p style=\"text-align: center\"><span style=\"font-family: raleway;font-size: 18px\">Christian Befve &amp;\u202fCo opera en m\u00e1s de 40 pa\u00edses en los cinco continentes. Con esta presencia internacional, apoyamos a nuestros clientes en contextos diversos, considerando las especificidades clim\u00e1ticas, econ\u00f3micas y culturales de cada regi\u00f3n.\u200b<\/span><\/p>\n                <\/div>\n                    <\/div>\n                    <img decoding=\"async\" class=\"gallery-v2-big-image\" src=\"https:\/\/befve.com\/wp-content\/uploads\/zones-dinterventions.svg\" alt=\"\">\n            <\/div>\n<\/section>","protected":false},"excerpt":{"rendered":"","protected":false},"author":1,"featured_media":37269,"parent":0,"menu_order":2,"comment_status":"closed","ping_status":"closed","template":"","meta":{"_acf_changed":false,"iawp_total_views":25,"footnotes":""},"class_list":["post-37984","page","type-page","status-publish","has-post-thumbnail","hentry"],"acf":[],"yoast_head":"<!-- This site is optimized with the Yoast SEO plugin v27.1.1 - https:\/\/yoast.com\/product\/yoast-seo-wordpress\/ -->\n<title>Servicios - Befve &amp; Co<\/title>\n<meta name=\"description\" content=\"Christian BEFVE propose un accompagnement sur mesure pour toutes les \u00e9tapes de la fili\u00e8re asperge, partout dans le monde.\" \/>\n<meta name=\"robots\" content=\"index, follow, max-snippet:-1, max-image-preview:large, max-video-preview:-1\" \/>\n<link rel=\"canonical\" href=\"https:\/\/befve.com\/es\/services\/\" \/>\n<meta property=\"og:locale\" content=\"es_ES\" \/>\n<meta property=\"og:type\" content=\"article\" \/>\n<meta property=\"og:title\" content=\"Servicios - Befve &amp; Co\" \/>\n<meta property=\"og:description\" content=\"Christian BEFVE propose un accompagnement sur mesure pour toutes les \u00e9tapes de la fili\u00e8re asperge, partout dans le monde.\" \/>\n<meta property=\"og:url\" content=\"https:\/\/befve.com\/es\/services\/\" \/>\n<meta property=\"og:site_name\" content=\"Befve &amp; Co\" \/>\n<meta property=\"article:modified_time\" content=\"2025-07-16T12:15:46+00:00\" \/>\n<meta property=\"og:image\" content=\"https:\/\/befve.com\/wp-content\/uploads\/articles-1.jpg\" \/>\n\t<meta property=\"og:image:width\" content=\"2444\" \/>\n\t<meta property=\"og:image:height\" content=\"1020\" \/>\n\t<meta property=\"og:image:type\" content=\"image\/jpeg\" \/>\n<meta name=\"twitter:card\" content=\"summary_large_image\" \/>\n<meta name=\"twitter:label1\" content=\"Tiempo de lectura\" \/>\n\t<meta name=\"twitter:data1\" content=\"1 minuto\" \/>\n<script type=\"application\/ld+json\" class=\"yoast-schema-graph\">{\"@context\":\"https:\/\/schema.org\",\"@graph\":[{\"@type\":\"WebPage\",\"@id\":\"https:\/\/befve.com\/es\/services\/\",\"url\":\"https:\/\/befve.com\/es\/services\/\",\"name\":\"Servicios - Befve &amp; Co\",\"isPartOf\":{\"@id\":\"https:\/\/befve.com\/es\/#website\"},\"primaryImageOfPage\":{\"@id\":\"https:\/\/befve.com\/es\/services\/#primaryimage\"},\"image\":{\"@id\":\"https:\/\/befve.com\/es\/services\/#primaryimage\"},\"thumbnailUrl\":\"https:\/\/befve.com\/wp-content\/uploads\/articles-1.jpg\",\"datePublished\":\"2025-05-22T08:38:20+00:00\",\"dateModified\":\"2025-07-16T12:15:46+00:00\",\"description\":\"Christian BEFVE propose un accompagnement sur mesure pour toutes les \u00e9tapes de la fili\u00e8re asperge, partout dans le monde.\",\"breadcrumb\":{\"@id\":\"https:\/\/befve.com\/es\/services\/#breadcrumb\"},\"inLanguage\":\"es\",\"potentialAction\":[{\"@type\":\"ReadAction\",\"target\":[\"https:\/\/befve.com\/es\/services\/\"]}]},{\"@type\":\"ImageObject\",\"inLanguage\":\"es\",\"@id\":\"https:\/\/befve.com\/es\/services\/#primaryimage\",\"url\":\"https:\/\/befve.com\/wp-content\/uploads\/articles-1.jpg\",\"contentUrl\":\"https:\/\/befve.com\/wp-content\/uploads\/articles-1.jpg\",\"width\":2444,\"height\":1020,\"caption\":\"befve asperges\"},{\"@type\":\"BreadcrumbList\",\"@id\":\"https:\/\/befve.com\/es\/services\/#breadcrumb\",\"itemListElement\":[{\"@type\":\"ListItem\",\"position\":1,\"name\":\"Accueil\",\"item\":\"https:\/\/befve.com\/es\/\"},{\"@type\":\"ListItem\",\"position\":2,\"name\":\"Servicios\"}]},{\"@type\":\"WebSite\",\"@id\":\"https:\/\/befve.com\/es\/#website\",\"url\":\"https:\/\/befve.com\/es\/\",\"name\":\"Befve &Co\",\"description\":\"Christian Befve expert &amp; consultant asperges\",\"publisher\":{\"@id\":\"https:\/\/befve.com\/es\/#organization\"},\"potentialAction\":[{\"@type\":\"SearchAction\",\"target\":{\"@type\":\"EntryPoint\",\"urlTemplate\":\"https:\/\/befve.com\/es\/?s={search_term_string}\"},\"query-input\":{\"@type\":\"PropertyValueSpecification\",\"valueRequired\":true,\"valueName\":\"search_term_string\"}}],\"inLanguage\":\"es\"},{\"@type\":\"Organization\",\"@id\":\"https:\/\/befve.com\/es\/#organization\",\"name\":\"Befve &Co\",\"alternateName\":\"Befve &Co\",\"url\":\"https:\/\/befve.com\/es\/\",\"logo\":{\"@type\":\"ImageObject\",\"inLanguage\":\"es\",\"@id\":\"https:\/\/befve.com\/es\/#\/schema\/logo\/image\/\",\"url\":\"https:\/\/befve.com\/wp-content\/uploads\/logo_green.svg\",\"contentUrl\":\"https:\/\/befve.com\/wp-content\/uploads\/logo_green.svg\",\"caption\":\"Befve &Co\"},\"image\":{\"@id\":\"https:\/\/befve.com\/es\/#\/schema\/logo\/image\/\"}}]}<\/script>\n<!-- \/ Yoast SEO plugin. -->","yoast_head_json":{"title":"Servicios - Befve &amp; Co","description":"Christian BEFVE propose un accompagnement sur mesure pour toutes les \u00e9tapes de la fili\u00e8re asperge, partout dans le monde.","robots":{"index":"index","follow":"follow","max-snippet":"max-snippet:-1","max-image-preview":"max-image-preview:large","max-video-preview":"max-video-preview:-1"},"canonical":"https:\/\/befve.com\/es\/services\/","og_locale":"es_ES","og_type":"article","og_title":"Servicios - Befve &amp; Co","og_description":"Christian BEFVE propose un accompagnement sur mesure pour toutes les \u00e9tapes de la fili\u00e8re asperge, partout dans le monde.","og_url":"https:\/\/befve.com\/es\/services\/","og_site_name":"Befve &amp; Co","article_modified_time":"2025-07-16T12:15:46+00:00","og_image":[{"width":2444,"height":1020,"url":"https:\/\/befve.com\/wp-content\/uploads\/articles-1.jpg","type":"image\/jpeg"}],"twitter_card":"summary_large_image","twitter_misc":{"Tiempo de lectura":"1 minuto"},"schema":{"@context":"https:\/\/schema.org","@graph":[{"@type":"WebPage","@id":"https:\/\/befve.com\/es\/services\/","url":"https:\/\/befve.com\/es\/services\/","name":"Servicios - Befve &amp; Co","isPartOf":{"@id":"https:\/\/befve.com\/es\/#website"},"primaryImageOfPage":{"@id":"https:\/\/befve.com\/es\/services\/#primaryimage"},"image":{"@id":"https:\/\/befve.com\/es\/services\/#primaryimage"},"thumbnailUrl":"https:\/\/befve.com\/wp-content\/uploads\/articles-1.jpg","datePublished":"2025-05-22T08:38:20+00:00","dateModified":"2025-07-16T12:15:46+00:00","description":"Christian BEFVE propose un accompagnement sur mesure pour toutes les \u00e9tapes de la fili\u00e8re asperge, partout dans le monde.","breadcrumb":{"@id":"https:\/\/befve.com\/es\/services\/#breadcrumb"},"inLanguage":"es","potentialAction":[{"@type":"ReadAction","target":["https:\/\/befve.com\/es\/services\/"]}]},{"@type":"ImageObject","inLanguage":"es","@id":"https:\/\/befve.com\/es\/services\/#primaryimage","url":"https:\/\/befve.com\/wp-content\/uploads\/articles-1.jpg","contentUrl":"https:\/\/befve.com\/wp-content\/uploads\/articles-1.jpg","width":2444,"height":1020,"caption":"befve asperges"},{"@type":"BreadcrumbList","@id":"https:\/\/befve.com\/es\/services\/#breadcrumb","itemListElement":[{"@type":"ListItem","position":1,"name":"Accueil","item":"https:\/\/befve.com\/es\/"},{"@type":"ListItem","position":2,"name":"Servicios"}]},{"@type":"WebSite","@id":"https:\/\/befve.com\/es\/#website","url":"https:\/\/befve.com\/es\/","name":"Befve &Co","description":"Christian Befve expert &amp; consultant asperges","publisher":{"@id":"https:\/\/befve.com\/es\/#organization"},"potentialAction":[{"@type":"SearchAction","target":{"@type":"EntryPoint","urlTemplate":"https:\/\/befve.com\/es\/?s={search_term_string}"},"query-input":{"@type":"PropertyValueSpecification","valueRequired":true,"valueName":"search_term_string"}}],"inLanguage":"es"},{"@type":"Organization","@id":"https:\/\/befve.com\/es\/#organization","name":"Befve &Co","alternateName":"Befve &Co","url":"https:\/\/befve.com\/es\/","logo":{"@type":"ImageObject","inLanguage":"es","@id":"https:\/\/befve.com\/es\/#\/schema\/logo\/image\/","url":"https:\/\/befve.com\/wp-content\/uploads\/logo_green.svg","contentUrl":"https:\/\/befve.com\/wp-content\/uploads\/logo_green.svg","caption":"Befve &Co"},"image":{"@id":"https:\/\/befve.com\/es\/#\/schema\/logo\/image\/"}}]}},"_links":{"self":[{"href":"https:\/\/befve.com\/es\/wp-json\/wp\/v2\/pages\/37984","targetHints":{"allow":["GET"]}}],"collection":[{"href":"https:\/\/befve.com\/es\/wp-json\/wp\/v2\/pages"}],"about":[{"href":"https:\/\/befve.com\/es\/wp-json\/wp\/v2\/types\/page"}],"author":[{"embeddable":true,"href":"https:\/\/befve.com\/es\/wp-json\/wp\/v2\/users\/1"}],"replies":[{"embeddable":true,"href":"https:\/\/befve.com\/es\/wp-json\/wp\/v2\/comments?post=37984"}],"version-history":[{"count":6,"href":"https:\/\/befve.com\/es\/wp-json\/wp\/v2\/pages\/37984\/revisions"}],"predecessor-version":[{"id":38120,"href":"https:\/\/befve.com\/es\/wp-json\/wp\/v2\/pages\/37984\/revisions\/38120"}],"wp:featuredmedia":[{"embeddable":true,"href":"https:\/\/befve.com\/es\/wp-json\/wp\/v2\/media\/37269"}],"wp:attachment":[{"href":"https:\/\/befve.com\/es\/wp-json\/wp\/v2\/media?parent=37984"}],"curies":[{"name":"wp","href":"https:\/\/api.w.org\/{rel}","templated":true}]}}