{"id":38033,"date":"2025-05-22T08:39:03","date_gmt":"2025-05-22T08:39:03","guid":{"rendered":"http:\/\/befve.com\/mentions-legales\/"},"modified":"2025-07-16T12:17:02","modified_gmt":"2025-07-16T12:17:02","slug":"mentions-legales","status":"publish","type":"page","link":"https:\/\/befve.com\/es\/mentions-legales\/","title":{"rendered":"Avisos legales"},"content":{"rendered":"<section class=\"flow-container \">\n    <div class=\"flow-wrapper\">\n        <div class=\"flow-message\">\n                            Aviso legal                    <\/div>\n        <div class=\"flow-content\">\n                            <div class=\"flow-text\">\n                    <p><span class=\"fw-600\" style=\"font-family: raleway; font-size: 25px;\">Empresa propietaria del sitio<\/span><\/p>\n<p><span style=\"font-family: raleway;\">SARL D\u00e9veloppement Environnement Service \u2013 Christian Befve<\/span><\/p>\n<p><span style=\"font-family: raleway;\">5 chemin de Marroy, 33170 GRADIGNAN \u2013 FRANCIA<br \/>\n<\/span><span style=\"font-family: raleway;\">Correo electr\u00f3nico: christian@befve.com<\/span><\/p>\n<p><span style=\"font-family: raleway;\">SIREN: 392 320 826 00036 \u2013 C\u00f3digo APE: 511T<\/span><br \/>\n<span style=\"font-family: raleway;\">IVA intracomunitario: FR 89 392 320 826<\/span><\/p>\n<p>&nbsp;<\/p>\n<p><span class=\"fw-600\" style=\"font-family: raleway; font-size: 25px;\">Dise\u00f1o y desarrollo web<br \/>\n<\/span><\/p>\n<p><span style=\"font-family: raleway;\"><a href=\"https:\/\/agence-communication-bordeaux.com\/\">Agence S\u00f5<strong>crea<\/strong>tiv\u2019 [ design C\u00f5mmunicatif ]<\/a><\/span><br \/>\n<span style=\"font-family: raleway;\"><a href=\"https:\/\/maps.app.goo.gl\/oSkX7sbh6TjhVpCUA\">H15 | Now, Quai des Chartrons ~ Bordeaux<\/a><\/span><\/p>\n<p><span style=\"font-family: raleway;\"><a href=\"https:\/\/socreativ.com\/\">S\u00f5<strong>crea<\/strong>tiv\u2019<\/a>,\u00a0<a href=\"http:\/\/visiter-barcelone.com\/\">Visiter-barcelone.com<\/a>\u00a0et\u00a0<a href=\"http:\/\/visiter-rome.com\/\">Visiter-rome.com<\/a>\u00a0marque d\u00e9pos\u00e9es par\u00a0<a href=\"https:\/\/agence-communication-bordeaux.com\/\">S\u00f5<strong>crea<\/strong>tiv\u2019<\/a>\u00a0<a href=\"https:\/\/www.creation-sites-internet-libourne.com\/\">N<\/a><a href=\"https:\/\/creation-sites-internet-merignac.com\/\">o<\/a><a href=\"https:\/\/creation-sites-internet-arcachon.com\/\">u<\/a><a href=\"https:\/\/creation-site-internet-bayonne.com\/\">v<\/a><a href=\"https:\/\/creation-sites-internet-langon.com\/\">e<\/a><a href=\"https:\/\/creation-sites-internet-perigueux.com\/\">l<\/a><a href=\"https:\/\/creation-sites-internet-brive.com\/\">l<\/a><a href=\"https:\/\/creation-site-internet-larochelle.com\/\">e<\/a><a href=\"https:\/\/creation-sites-internet-toulouse.com\/\">&#8211;<\/a><a href=\"https:\/\/creation-sites-internet-pau.com\/\">A<\/a><a href=\"https:\/\/creation-sites-internet-poitiers.com\/\">q<\/a><a href=\"https:\/\/creation-site-internet-sarlat.com\/\">u<\/a><a href=\"https:\/\/creation-site-internet-mont-de-marsan.com\/\">i<\/a><a href=\"https:\/\/creation-site-internet-biarritz.com\/\">t<\/a>aine<\/span><\/p>\n<p>&nbsp;<\/p>\n<p><span style=\"font-family: raleway;\"><span class=\"fw-600\" style=\"font-family: raleway; font-size: 25px;\">Alojamiento y copias de seguridad<br \/>\n<\/span><\/span><\/p>\n<p><span style=\"font-family: raleway;\">OVH \u2013 2 rue Kellermann \u2013 Roubaix \u2013 http:\/\/ovh.com<\/span><\/p>\n<p>&nbsp;<\/p>\n<p><span style=\"font-family: raleway;\"><span class=\"fw-600\" style=\"font-family: raleway; font-size: 25px;\">El acceso o uso del sitio implica la aceptaci\u00f3n de las siguientes condiciones:<br \/>\n<\/span><\/span><\/p>\n<p><span style=\"font-family: raleway;\">Este sitio y toda la informaci\u00f3n, nombres, im\u00e1genes, fotograf\u00edas, logotipos e iconos relativos a SARL D\u00e9veloppement Environnement Service y\/o sus productos y servicios se proporcionan \u201ctal cual\u201d y \u201cseg\u00fan disponibilidad\u201d.<\/span><\/p>\n<p><span style=\"font-family: raleway;\">SARL D\u00e9veloppement Environnement Service no garantiza, expresa ni impl\u00edcitamente, la adecuaci\u00f3n a un uso espec\u00edfico, comercializaci\u00f3n, exactitud o fiabilidad de la informaci\u00f3n del sitio.<\/span><\/p>\n<p><span style=\"font-family: raleway;\">No se responsabiliza de la presencia de virus en el sitio o en el servidor. El contenido puede contener errores t\u00e9cnicos o tipogr\u00e1ficos que podr\u00e1n ser corregidos a discreci\u00f3n de la empresa.<\/span><\/p>\n<p><span style=\"font-family: raleway;\">SARL D\u00e9veloppement Environnement Service se reserva el derecho de modificar, actualizar o suprimir contenido o servicios en cualquier momento.<\/span><\/p>\n<p>&nbsp;<\/p>\n<p><span style=\"font-family: raleway;\"><span class=\"fw-600\" style=\"font-family: raleway; font-size: 25px;\">Limitaci\u00f3n de responsabilidad<br \/>\n<\/span><\/span><\/p>\n<p><span style=\"font-family: raleway;\">SARL D\u00e9veloppement Environnement Service y sus contratistas no ser\u00e1n responsables por da\u00f1os directos, indirectos o consecuentes relacionados con el acceso, uso o imposibilidad de uso del sitio o de la informaci\u00f3n contenida.<\/span><\/p>\n<p><span style=\"font-family: raleway;\">Este sitio puede contener enlaces a otras p\u00e1ginas web no gestionadas por la empresa, por lo que no se responsabiliza del contenido externo.<\/span><\/p>\n<p><span style=\"font-family: raleway;\">El usuario se compromete a no modificar ni reemplazar la informaci\u00f3n del sitio.<\/span><\/p>\n<p>&nbsp;<\/p>\n<p><span style=\"font-family: raleway;\"><span class=\"fw-600\" style=\"font-family: raleway; font-size: 25px;\">Comentarios y comunicaciones<br \/>\n<\/span><\/span><\/p>\n<p><span style=\"font-family: raleway;\">Las informaciones enviadas al sitio (por correo electr\u00f3nico u otro medio) no se considerar\u00e1n confidenciales.<\/span><br \/>\n<span style=\"font-family: raleway;\">Christian Befve \u2013 5 chemin de Marroy, 33170 GRADIGNAN \u2013 FRANCIA \u2013 es el \u00fanico destinatario.<\/span><\/p>\n<p><span style=\"font-family: raleway;\">De acuerdo con la ley del 06\/01\/1978, el usuario puede acceder, rectificar o oponerse al tratamiento de sus datos en cualquier momento dirigi\u00e9ndose a la direcci\u00f3n anterior.<\/span><\/p>\n<p><span style=\"font-family: raleway;\">La empresa agradece los comentarios, pero no solicita sugerencias ni ideas relativas al desarrollo o marketing de productos.<\/span><\/p>\n<p>&nbsp;<\/p>\n<p><span style=\"font-family: raleway;\"><span class=\"fw-600\" style=\"font-family: raleway; font-size: 25px;\">Traducciones<\/span><\/span><\/p>\n<p><span style=\"font-family: raleway;\">El contenido puede ofrecerse en varios idiomas como servicio. Las traducciones son solo orientativas. En caso de duda o contradicci\u00f3n, prevalece la versi\u00f3n en franc\u00e9s.<\/span><\/p>\n<p>&nbsp;<\/p>\n<p><span style=\"font-family: raleway;\"><span class=\"fw-600\" style=\"font-family: raleway; font-size: 25px;\">Legislaci\u00f3n y jurisdicci\u00f3n aplicable<br \/>\n<\/span><\/span><\/p>\n<p><span style=\"font-family: raleway;\">Estas condiciones se rigen por la ley francesa. Cualquier litigio ser\u00e1 competencia exclusiva de los tribunales de Burdeos, salvo indicaci\u00f3n contraria.<\/span><\/p>\n<p>&nbsp;<\/p>\n<p><span style=\"font-family: raleway;\"><span class=\"fw-600\" style=\"font-family: raleway; font-size: 25px;\">Garant\u00eda de indemnizaci\u00f3n<br \/>\n<\/span><\/span><\/p>\n<p><span style=\"font-family: raleway;\">El usuario se compromete a indemnizar a la empresa por cualquier litigio o da\u00f1o derivado del uso il\u00edcito del sitio, incluyendo los costes legales y honorarios de abogados dentro de lo razonable.<\/span><\/p>\n                <\/div>\n                                <\/div>\n    <\/div>\n    <\/section>\n","protected":false},"excerpt":{"rendered":"","protected":false},"author":1,"featured_media":37269,"parent":0,"menu_order":34,"comment_status":"closed","ping_status":"closed","template":"","meta":{"_acf_changed":false,"iawp_total_views":2,"footnotes":""},"class_list":["post-38033","page","type-page","status-publish","has-post-thumbnail","hentry"],"acf":[],"yoast_head":"<!-- This site is optimized with the Yoast SEO plugin v27.1.1 - https:\/\/yoast.com\/product\/yoast-seo-wordpress\/ -->\n<title>Avisos legales - Befve &amp; Co<\/title>\n<meta name=\"robots\" content=\"index, follow, max-snippet:-1, max-image-preview:large, max-video-preview:-1\" \/>\n<link rel=\"canonical\" href=\"https:\/\/befve.com\/es\/mentions-legales\/\" \/>\n<meta property=\"og:locale\" content=\"es_ES\" \/>\n<meta property=\"og:type\" content=\"article\" \/>\n<meta property=\"og:title\" content=\"Avisos legales - Befve &amp; Co\" \/>\n<meta property=\"og:url\" content=\"https:\/\/befve.com\/es\/mentions-legales\/\" \/>\n<meta property=\"og:site_name\" content=\"Befve &amp; Co\" \/>\n<meta property=\"article:modified_time\" content=\"2025-07-16T12:17:02+00:00\" \/>\n<meta property=\"og:image\" content=\"https:\/\/befve.com\/wp-content\/uploads\/articles-1.jpg\" \/>\n\t<meta property=\"og:image:width\" content=\"2444\" \/>\n\t<meta property=\"og:image:height\" content=\"1020\" \/>\n\t<meta property=\"og:image:type\" content=\"image\/jpeg\" \/>\n<meta name=\"twitter:card\" content=\"summary_large_image\" \/>\n<meta name=\"twitter:label1\" content=\"Tiempo de lectura\" \/>\n\t<meta name=\"twitter:data1\" content=\"1 minuto\" \/>\n<script type=\"application\/ld+json\" class=\"yoast-schema-graph\">{\"@context\":\"https:\/\/schema.org\",\"@graph\":[{\"@type\":\"WebPage\",\"@id\":\"https:\/\/befve.com\/es\/mentions-legales\/\",\"url\":\"https:\/\/befve.com\/es\/mentions-legales\/\",\"name\":\"Avisos legales - Befve &amp; Co\",\"isPartOf\":{\"@id\":\"https:\/\/befve.com\/es\/#website\"},\"primaryImageOfPage\":{\"@id\":\"https:\/\/befve.com\/es\/mentions-legales\/#primaryimage\"},\"image\":{\"@id\":\"https:\/\/befve.com\/es\/mentions-legales\/#primaryimage\"},\"thumbnailUrl\":\"https:\/\/befve.com\/wp-content\/uploads\/articles-1.jpg\",\"datePublished\":\"2025-05-22T08:39:03+00:00\",\"dateModified\":\"2025-07-16T12:17:02+00:00\",\"breadcrumb\":{\"@id\":\"https:\/\/befve.com\/es\/mentions-legales\/#breadcrumb\"},\"inLanguage\":\"es\",\"potentialAction\":[{\"@type\":\"ReadAction\",\"target\":[\"https:\/\/befve.com\/es\/mentions-legales\/\"]}]},{\"@type\":\"ImageObject\",\"inLanguage\":\"es\",\"@id\":\"https:\/\/befve.com\/es\/mentions-legales\/#primaryimage\",\"url\":\"https:\/\/befve.com\/wp-content\/uploads\/articles-1.jpg\",\"contentUrl\":\"https:\/\/befve.com\/wp-content\/uploads\/articles-1.jpg\",\"width\":2444,\"height\":1020,\"caption\":\"befve asperges\"},{\"@type\":\"BreadcrumbList\",\"@id\":\"https:\/\/befve.com\/es\/mentions-legales\/#breadcrumb\",\"itemListElement\":[{\"@type\":\"ListItem\",\"position\":1,\"name\":\"Accueil\",\"item\":\"https:\/\/befve.com\/es\/\"},{\"@type\":\"ListItem\",\"position\":2,\"name\":\"Avisos legales\"}]},{\"@type\":\"WebSite\",\"@id\":\"https:\/\/befve.com\/es\/#website\",\"url\":\"https:\/\/befve.com\/es\/\",\"name\":\"Befve &Co\",\"description\":\"Christian Befve expert &amp; consultant asperges\",\"publisher\":{\"@id\":\"https:\/\/befve.com\/es\/#organization\"},\"potentialAction\":[{\"@type\":\"SearchAction\",\"target\":{\"@type\":\"EntryPoint\",\"urlTemplate\":\"https:\/\/befve.com\/es\/?s={search_term_string}\"},\"query-input\":{\"@type\":\"PropertyValueSpecification\",\"valueRequired\":true,\"valueName\":\"search_term_string\"}}],\"inLanguage\":\"es\"},{\"@type\":\"Organization\",\"@id\":\"https:\/\/befve.com\/es\/#organization\",\"name\":\"Befve &Co\",\"alternateName\":\"Befve &Co\",\"url\":\"https:\/\/befve.com\/es\/\",\"logo\":{\"@type\":\"ImageObject\",\"inLanguage\":\"es\",\"@id\":\"https:\/\/befve.com\/es\/#\/schema\/logo\/image\/\",\"url\":\"https:\/\/befve.com\/wp-content\/uploads\/logo_green.svg\",\"contentUrl\":\"https:\/\/befve.com\/wp-content\/uploads\/logo_green.svg\",\"caption\":\"Befve &Co\"},\"image\":{\"@id\":\"https:\/\/befve.com\/es\/#\/schema\/logo\/image\/\"}}]}<\/script>\n<!-- \/ Yoast SEO plugin. -->","yoast_head_json":{"title":"Avisos legales - Befve &amp; Co","robots":{"index":"index","follow":"follow","max-snippet":"max-snippet:-1","max-image-preview":"max-image-preview:large","max-video-preview":"max-video-preview:-1"},"canonical":"https:\/\/befve.com\/es\/mentions-legales\/","og_locale":"es_ES","og_type":"article","og_title":"Avisos legales - Befve &amp; Co","og_url":"https:\/\/befve.com\/es\/mentions-legales\/","og_site_name":"Befve &amp; Co","article_modified_time":"2025-07-16T12:17:02+00:00","og_image":[{"width":2444,"height":1020,"url":"https:\/\/befve.com\/wp-content\/uploads\/articles-1.jpg","type":"image\/jpeg"}],"twitter_card":"summary_large_image","twitter_misc":{"Tiempo de lectura":"1 minuto"},"schema":{"@context":"https:\/\/schema.org","@graph":[{"@type":"WebPage","@id":"https:\/\/befve.com\/es\/mentions-legales\/","url":"https:\/\/befve.com\/es\/mentions-legales\/","name":"Avisos legales - Befve &amp; Co","isPartOf":{"@id":"https:\/\/befve.com\/es\/#website"},"primaryImageOfPage":{"@id":"https:\/\/befve.com\/es\/mentions-legales\/#primaryimage"},"image":{"@id":"https:\/\/befve.com\/es\/mentions-legales\/#primaryimage"},"thumbnailUrl":"https:\/\/befve.com\/wp-content\/uploads\/articles-1.jpg","datePublished":"2025-05-22T08:39:03+00:00","dateModified":"2025-07-16T12:17:02+00:00","breadcrumb":{"@id":"https:\/\/befve.com\/es\/mentions-legales\/#breadcrumb"},"inLanguage":"es","potentialAction":[{"@type":"ReadAction","target":["https:\/\/befve.com\/es\/mentions-legales\/"]}]},{"@type":"ImageObject","inLanguage":"es","@id":"https:\/\/befve.com\/es\/mentions-legales\/#primaryimage","url":"https:\/\/befve.com\/wp-content\/uploads\/articles-1.jpg","contentUrl":"https:\/\/befve.com\/wp-content\/uploads\/articles-1.jpg","width":2444,"height":1020,"caption":"befve asperges"},{"@type":"BreadcrumbList","@id":"https:\/\/befve.com\/es\/mentions-legales\/#breadcrumb","itemListElement":[{"@type":"ListItem","position":1,"name":"Accueil","item":"https:\/\/befve.com\/es\/"},{"@type":"ListItem","position":2,"name":"Avisos legales"}]},{"@type":"WebSite","@id":"https:\/\/befve.com\/es\/#website","url":"https:\/\/befve.com\/es\/","name":"Befve &Co","description":"Christian Befve expert &amp; consultant asperges","publisher":{"@id":"https:\/\/befve.com\/es\/#organization"},"potentialAction":[{"@type":"SearchAction","target":{"@type":"EntryPoint","urlTemplate":"https:\/\/befve.com\/es\/?s={search_term_string}"},"query-input":{"@type":"PropertyValueSpecification","valueRequired":true,"valueName":"search_term_string"}}],"inLanguage":"es"},{"@type":"Organization","@id":"https:\/\/befve.com\/es\/#organization","name":"Befve &Co","alternateName":"Befve &Co","url":"https:\/\/befve.com\/es\/","logo":{"@type":"ImageObject","inLanguage":"es","@id":"https:\/\/befve.com\/es\/#\/schema\/logo\/image\/","url":"https:\/\/befve.com\/wp-content\/uploads\/logo_green.svg","contentUrl":"https:\/\/befve.com\/wp-content\/uploads\/logo_green.svg","caption":"Befve &Co"},"image":{"@id":"https:\/\/befve.com\/es\/#\/schema\/logo\/image\/"}}]}},"_links":{"self":[{"href":"https:\/\/befve.com\/es\/wp-json\/wp\/v2\/pages\/38033","targetHints":{"allow":["GET"]}}],"collection":[{"href":"https:\/\/befve.com\/es\/wp-json\/wp\/v2\/pages"}],"about":[{"href":"https:\/\/befve.com\/es\/wp-json\/wp\/v2\/types\/page"}],"author":[{"embeddable":true,"href":"https:\/\/befve.com\/es\/wp-json\/wp\/v2\/users\/1"}],"replies":[{"embeddable":true,"href":"https:\/\/befve.com\/es\/wp-json\/wp\/v2\/comments?post=38033"}],"version-history":[{"count":2,"href":"https:\/\/befve.com\/es\/wp-json\/wp\/v2\/pages\/38033\/revisions"}],"predecessor-version":[{"id":38128,"href":"https:\/\/befve.com\/es\/wp-json\/wp\/v2\/pages\/38033\/revisions\/38128"}],"wp:featuredmedia":[{"embeddable":true,"href":"https:\/\/befve.com\/es\/wp-json\/wp\/v2\/media\/37269"}],"wp:attachment":[{"href":"https:\/\/befve.com\/es\/wp-json\/wp\/v2\/media?parent=38033"}],"curies":[{"name":"wp","href":"https:\/\/api.w.org\/{rel}","templated":true}]}}